{"id":2908,"date":"2018-09-07T12:06:08","date_gmt":"2018-09-07T12:06:08","guid":{"rendered":"http:\/\/192.168.1.114\/havnor-demo\/corporate\/?page_id=2908"},"modified":"2018-09-07T12:06:08","modified_gmt":"2018-09-07T12:06:08","slug":"site-map","status":"publish","type":"page","link":"https:\/\/donaldsonmarphil.com\/fr\/site-map\/","title":{"rendered":"Site Map"},"content":{"rendered":"<section class=\"wpb-content-wrapper\"><div class=\"vc_row wpb_row vc_row-fluid hanor-dhav-dotted vc_custom_1545802937831\"><div class=\"wpb_column vc_column_container text-default vc_col-sm-6\"><div class=\"vc_column-inner\"><div class=\"wpb_wrapper\">    <div class=\"hanor-sitemap-wrap  hanor-sitemap-69f3e3ac9a47b\"> \n      <h2>Main Menu<\/h2>\n      <div class=\"sitemap-list\">\n        <ul id=\"menu-new-menu\" class=\"\"><li id=\"menu-item-6810\" class=\"menu-item menu-item-type-post_type menu-item-object-page menu-item-has-children menu-item-6810\"><a href=\"https:\/\/donaldsonmarphil.com\/fr\/medical-physics-quality-assurance\/\">Assurance qualit\u00e9 en physique m\u00e9dicale<\/a>\n<ul class=\"sub-menu\">\n\t<li id=\"menu-item-6811\" class=\"menu-item menu-item-type-custom menu-item-object-custom menu-item-6811\"><a href=\"https:\/\/www.lap-laser.com\/fr\/produits\/radcalc\/\" target=\"_blank\" rel=\"noopener\">Radcalc<\/a><\/li>\n<\/ul>\n<\/li>\n<li id=\"menu-item-6812\" class=\"menu-item menu-item-type-post_type menu-item-object-page menu-item-has-children menu-item-6812\"><a href=\"https:\/\/donaldsonmarphil.com\/fr\/patient-positioning\/\">Positionnement du patient<\/a>\n<ul class=\"sub-menu\">\n\t<li id=\"menu-item-6813\" class=\"menu-item menu-item-type-custom menu-item-object-custom menu-item-6813\"><a href=\"https:\/\/cqmedical.com\/CQM1\/Resources\/Innovations-Guide\/Innovations-Guide_Volume2_Rev1_FR-FR_DIGITAL.pdf\" target=\"_blank\" rel=\"noopener\">CQ M\u00e9dical<\/a><\/li>\n\t<li id=\"menu-item-6814\" class=\"menu-item menu-item-type-custom menu-item-object-custom menu-item-6814\"><a href=\"https:\/\/cqmedical.com\/CQM1\/Resources\/Innovations-Guide\/Innovations-Guide_Volume2_Rev1_FR-FR_DIGITAL.pdf\" target=\"_blank\" rel=\"noopener\">Transfert du patient<\/a><\/li>\n\t<li id=\"menu-item-6817\" class=\"menu-item menu-item-type-custom menu-item-object-custom menu-item-has-children menu-item-6817\"><a href=\"https:\/\/cqmedical.com\/CQM1\/Resources\/Innovations-Guide\/Innovations-Guide_Volume2_Rev1_FR-FR_DIGITAL.pdf\" target=\"_blank\" rel=\"noopener\">Solutions IRM<\/a>\n\t<ul class=\"sub-menu\">\n\t\t<li id=\"menu-item-6818\" class=\"menu-item menu-item-type-custom menu-item-object-custom menu-item-6818\"><a href=\"https:\/\/cqmedical.com\/CQM1\/Resources\/Innovations-Guide\/Innovations-Guide_Volume2_Rev1_FR-FR_DIGITAL.pdf\" target=\"_blank\" rel=\"noopener\">IRM CQ<\/a><\/li>\n\t<\/ul>\n<\/li>\n<\/ul>\n<\/li>\n<li id=\"menu-item-6833\" class=\"menu-item menu-item-type-post_type menu-item-object-page menu-item-has-children menu-item-6833\"><a href=\"https:\/\/donaldsonmarphil.com\/fr\/branchytherapy\/\">Curieth\u00e9rapie<\/a>\n<ul class=\"sub-menu\">\n\t<li id=\"menu-item-6847\" class=\"menu-item menu-item-type-post_type menu-item-object-page menu-item-6847\"><a href=\"https:\/\/donaldsonmarphil.com\/fr\/seeds-2\/\">Grains<\/a><\/li>\n\t<li id=\"menu-item-6834\" class=\"menu-item menu-item-type-custom menu-item-object-custom menu-item-6834\"><a href=\"https:\/\/cqmedical.com\/CQM1\/Resources\/Innovations-Guide\/Innovations-Guide_Volume2_Rev1_FR-FR_DIGITAL.pdf\" target=\"_blank\" rel=\"noopener\">Marqueurs fiduciaires<\/a><\/li>\n<\/ul>\n<\/li>\n<li id=\"menu-item-5212\" class=\"menu-item menu-item-type-post_type menu-item-object-page menu-item-has-children menu-item-5212\"><a href=\"https:\/\/donaldsonmarphil.com\/fr\/orthovoltage\/\">Orthovoltage<\/a>\n<ul class=\"sub-menu\">\n\t<li id=\"menu-item-5584\" class=\"menu-item menu-item-type-custom menu-item-object-custom menu-item-5584\"><a href=\"https:\/\/xstrahl.com\/fr\/\" target=\"_blank\" rel=\"noopener\">Xstrahl<\/a><\/li>\n<\/ul>\n<\/li>\n<li id=\"menu-item-5271\" class=\"menu-item menu-item-type-post_type menu-item-object-page menu-item-has-children menu-item-5271\"><a href=\"https:\/\/donaldsonmarphil.com\/fr\/sgrt\/\">SGRT<\/a>\n<ul class=\"sub-menu\">\n\t<li id=\"menu-item-6856\" class=\"menu-item menu-item-type-post_type menu-item-object-page menu-item-6856\"><a href=\"https:\/\/donaldsonmarphil.com\/fr\/c-rad\/\">C-RAD<\/a><\/li>\n<\/ul>\n<\/li>\n<li id=\"menu-item-6822\" class=\"menu-item menu-item-type-custom menu-item-object-custom menu-item-has-children menu-item-6822\"><a href=\"#\">Laser<\/a>\n<ul class=\"sub-menu\">\n\t<li id=\"menu-item-6823\" class=\"menu-item menu-item-type-custom menu-item-object-custom menu-item-has-children menu-item-6823\"><a href=\"#\">Positionnement au scanner\/TEP-CT<\/a>\n\t<ul class=\"sub-menu\">\n\t\t<li id=\"menu-item-6828\" class=\"menu-item menu-item-type-custom menu-item-object-custom menu-item-6828\"><a href=\"https:\/\/www.lap-laser.com\/fr\/produits\/doradonova\/\" target=\"_blank\" rel=\"noopener\">DORADOnova<\/a><\/li>\n\t\t<li id=\"menu-item-6827\" class=\"menu-item menu-item-type-custom menu-item-object-custom menu-item-6827\"><a href=\"https:\/\/www.lap-laser.com\/fr\/produits\/dorado\/\" target=\"_blank\" rel=\"noopener\">DORADE<\/a><\/li>\n\t\t<li id=\"menu-item-6826\" class=\"menu-item menu-item-type-custom menu-item-object-custom menu-item-6826\"><a href=\"https:\/\/www.lap-laser.com\/fr\/produits\/carinanav\/\" target=\"_blank\" rel=\"noopener\">CARINAnav<\/a><\/li>\n\t<\/ul>\n<\/li>\n\t<li id=\"menu-item-6824\" class=\"menu-item menu-item-type-custom menu-item-object-custom menu-item-has-children menu-item-6824\"><a href=\"#\">Positionnement pour l\u2019IRM<\/a>\n\t<ul class=\"sub-menu\">\n\t\t<li id=\"menu-item-6832\" class=\"menu-item menu-item-type-custom menu-item-object-custom menu-item-6832\"><a href=\"https:\/\/www.lap-laser.com\/fr\/produits\/doradonova-mr3t\/\" target=\"_blank\" rel=\"noopener\">DORADOnova MR3T<\/a><\/li>\n\t\t<li id=\"menu-item-6831\" class=\"menu-item menu-item-type-custom menu-item-object-custom menu-item-6831\"><a href=\"https:\/\/www.lap-laser.com\/fr\/produits\/apollo-mr3t\/\" target=\"_blank\" rel=\"noopener\">APOLLO MR3T<\/a><\/li>\n\t<\/ul>\n<\/li>\n\t<li id=\"menu-item-6825\" class=\"menu-item menu-item-type-custom menu-item-object-custom menu-item-has-children menu-item-6825\"><a href=\"#\">Positionnement POUR LINAC<\/a>\n\t<ul class=\"sub-menu\">\n\t\t<li id=\"menu-item-6830\" class=\"menu-item menu-item-type-custom menu-item-object-custom menu-item-6830\"><a href=\"https:\/\/www.lap-laser.com\/fr\/produits\/astor\/\" target=\"_blank\" rel=\"noopener\">ASTOR<\/a><\/li>\n\t\t<li id=\"menu-item-6829\" class=\"menu-item menu-item-type-custom menu-item-object-custom menu-item-6829\"><a href=\"https:\/\/www.lap-laser.com\/fr\/produits\/apollo\/\" target=\"_blank\" rel=\"noopener\">APOLLO<\/a><\/li>\n\t<\/ul>\n<\/li>\n<\/ul>\n<\/li>\n<li id=\"menu-item-6820\" class=\"menu-item menu-item-type-custom menu-item-object-custom menu-item-has-children menu-item-6820\"><a href=\"#\">Contourage par IA<\/a>\n<ul class=\"sub-menu\">\n\t<li id=\"menu-item-6855\" class=\"menu-item menu-item-type-post_type menu-item-object-page menu-item-6855\"><a href=\"https:\/\/donaldsonmarphil.com\/fr\/accucontour\/\">AccuContour<\/a><\/li>\n<\/ul>\n<\/li>\n<li id=\"menu-item-6819\" class=\"menu-item menu-item-type-post_type menu-item-object-page menu-item-6819\"><a href=\"https:\/\/donaldsonmarphil.com\/fr\/contact\/\">Contactez-nous<\/a><\/li>\n<\/ul>      <\/div>\n    <\/div>\n    <\/div><\/div><\/div><div class=\"wpb_column vc_column_container text-default vc_col-sm-6\"><div class=\"vc_column-inner\"><div class=\"wpb_wrapper\"><\/div><\/div><\/div><\/div>\n<\/section>","protected":false},"excerpt":{"rendered":"Main Menu Assurance qualit\u00e9 en physique m\u00e9dicale Radcalc Positionnement du patient CQ Medical Transfert du patient Solutions IRM IRM CQ Curieth\u00e9rapie Grains Marqueurs fiduciaires Orthovoltage Xstrahl SGRT C-RAD Laser Positionnement au scanner\/TEP-CT DORADOnova DORADO CARINAnav Positionnement pour l&#8217;IRM DORADOnova MR3T APOLLO MR3T Positionnement POUR LINAC ASTOR APOLLO Contourage par IA AccuContour Contactez-nous","protected":false},"author":1,"featured_media":0,"parent":0,"menu_order":0,"comment_status":"closed","ping_status":"closed","template":"","meta":{"footnotes":""},"class_list":["post-2908","page","type-page","status-publish","hentry"],"_links":{"self":[{"href":"https:\/\/donaldsonmarphil.com\/fr\/wp-json\/wp\/v2\/pages\/2908","targetHints":{"allow":["GET"]}}],"collection":[{"href":"https:\/\/donaldsonmarphil.com\/fr\/wp-json\/wp\/v2\/pages"}],"about":[{"href":"https:\/\/donaldsonmarphil.com\/fr\/wp-json\/wp\/v2\/types\/page"}],"author":[{"embeddable":true,"href":"https:\/\/donaldsonmarphil.com\/fr\/wp-json\/wp\/v2\/users\/1"}],"replies":[{"embeddable":true,"href":"https:\/\/donaldsonmarphil.com\/fr\/wp-json\/wp\/v2\/comments?post=2908"}],"version-history":[{"count":0,"href":"https:\/\/donaldsonmarphil.com\/fr\/wp-json\/wp\/v2\/pages\/2908\/revisions"}],"wp:attachment":[{"href":"https:\/\/donaldsonmarphil.com\/fr\/wp-json\/wp\/v2\/media?parent=2908"}],"curies":[{"name":"wp","href":"https:\/\/api.w.org\/{rel}","templated":true}]}}