{"id":393,"date":"2018-06-30T06:20:00","date_gmt":"2018-06-30T06:20:00","guid":{"rendered":"http:\/\/192.168.1.114\/havnor-demo\/corporate\/?page_id=393"},"modified":"2025-12-05T16:28:39","modified_gmt":"2025-12-05T21:28:39","slug":"home-startup-2","status":"publish","type":"page","link":"https:\/\/donaldsonmarphil.com\/fr\/","title":{"rendered":"Home"},"content":{"rendered":"<section class=\"wpb-content-wrapper\"><div data-vc-full-width=\"true\" data-vc-full-width-init=\"false\" data-vc-stretch-content=\"true\" class=\"vc_row wpb_row vc_row-fluid hanor-dhav-dotted vc_row-no-padding\"><div class=\"wpb_column vc_column_container text-default vc_col-sm-12 vc_hidden-sm vc_hidden-xs\"><div class=\"vc_column-inner\"><div class=\"wpb_wrapper\"><section class=\"swiper-container swiper-slides swiper-keyboard hanor-windowheight havnor-slider-69e741d19ddab\"  data-effect=\"slide\" data-autoplay=\"false\" data-loop=\"false\" data-mousedrag=\"false\" data-clickpage=\"false\" data-interval=\"5000\" data-speed=\"800\" data-interaction=\"false\"><div class=\"swiper-wrapper\"><div class=\"swiper-slide\" style=\"background-image: url(https:\/\/donaldsonmarphil.com\/wp-content\/uploads\/2023\/08\/Tech-DMM6.png);\">\n                    <div class=\"caption-wrap\">\n                      <div class=\"hanor-table-wrap\">\n                        <div class=\"hanor-align-wrap\">\n                          <div class=\"container\">\n                            <div class=\"caption-wrap-inner\"><\/div>\n                          <\/div>\n                        <\/div>\n                      <\/div>\n                    <\/div>\n                  <\/div><\/div><\/section><\/div><\/div><\/div><\/div><div class=\"vc_row-full-width vc_clearfix\"><\/div><div class=\"vc_row wpb_row vc_row-fluid hanor-dhav-dotted\"><div class=\"wpb_column vc_column_container text-default vc_col-sm-12 vc_hidden-lg vc_hidden-md\"><div class=\"vc_column-inner\"><div class=\"wpb_wrapper\">\n\t<div  class=\"wpb_single_image wpb_content_element vc_align_center\">\n\t\t\n\t\t<figure class=\"wpb_wrapper vc_figure\">\n\t\t\t<div class=\"vc_single_image-wrapper   vc_box_border_grey\"><img loading=\"lazy\" decoding=\"async\" width=\"1048\" height=\"1080\" src=\"https:\/\/donaldsonmarphil.com\/wp-content\/uploads\/2023\/08\/Radiotherapy-Lungs.png\" class=\"vc_single_image-img attachment-full\" alt=\"\" title=\"Radioth\u00e9rapie pulmonaire\" srcset=\"https:\/\/donaldsonmarphil.com\/wp-content\/uploads\/2023\/08\/Radiotherapy-Lungs.png 1048w, https:\/\/donaldsonmarphil.com\/wp-content\/uploads\/2023\/08\/Radiotherapy-Lungs-291x300.png 291w, https:\/\/donaldsonmarphil.com\/wp-content\/uploads\/2023\/08\/Radiotherapy-Lungs-994x1024.png 994w, https:\/\/donaldsonmarphil.com\/wp-content\/uploads\/2023\/08\/Radiotherapy-Lungs-768x791.png 768w\" sizes=\"auto, (max-width: 1048px) 100vw, 1048px\" \/><\/div>\n\t\t<\/figure>\n\t<\/div>\n<\/div><\/div><\/div><\/div><div data-vc-full-width=\"true\" data-vc-full-width-init=\"false\" data-vc-parallax=\"1.5\" data-vc-parallax-image=\"https:\/\/donaldsonmarphil.com\/wp-content\/uploads\/2023\/07\/Black.png\" class=\"vc_row wpb_row vc_row-fluid hanor-dhav-dotted vc_custom_1691366681908 vc_row-has-fill vc_column-gap-1 vc_general vc_parallax vc_parallax-content-moving\"><div class=\"wpb_column vc_column_container text-default vc_col-sm-12 vc_hidden-xs\"><div class=\"vc_column-inner\"><div class=\"wpb_wrapper\"><div class=\"hanor-section-title section-title-one hanor-stitle-69e741d19faca-your-partner-in-radiation-oncology cpation-left\"><h2 class=\"section-title\">Votre partenaire en radio-oncologie<\/h2><p>Distributeur canadien d'\u00e9quipements et d'accessoires de radio-oncologie depuis 1996.<\/p><\/div><\/div><\/div><\/div><\/div><div class=\"vc_row-full-width vc_clearfix\"><\/div><div data-vc-full-width=\"true\" data-vc-full-width-init=\"false\" data-vc-parallax=\"1.5\" data-vc-parallax-image=\"https:\/\/donaldsonmarphil.com\/wp-content\/uploads\/2023\/07\/Black.png\" class=\"vc_row wpb_row vc_row-fluid hanor-dhav-dotted vc_custom_1691367804891 vc_row-has-fill vc_column-gap-1 vc_general vc_parallax vc_parallax-content-moving\"><div class=\"wpb_column vc_column_container text-default vc_col-sm-12 vc_hidden-lg vc_hidden-md vc_hidden-sm\"><div class=\"vc_column-inner vc_custom_1691357486444\"><div class=\"wpb_wrapper\"><div class=\"hanor-section-title section-title-one hanor-stitle-69e741d1a019c-your-partner-in-radiation-oncology cpation-left\"><h2 class=\"section-title\">Votre partenaire en radio-oncologie<\/h2><p>Distributeur canadien d'\u00e9quipements et d'accessoires de radio-oncologie depuis 1996.<\/p><\/div><\/div><\/div><\/div><\/div><div class=\"vc_row-full-width vc_clearfix\"><\/div><div data-vc-full-width=\"true\" data-vc-full-width-init=\"false\" class=\"vc_row wpb_row vc_row-fluid hanor-dhav-dotted vc_custom_1544009065903 vc_row-has-fill\"><div class=\"wpb_column vc_column_container text-default vc_col-sm-12 vc_col-lg-6 vc_col-md-6 vc_hidden-sm vc_hidden-xs\"><div class=\"vc_column-inner\"><div class=\"wpb_wrapper\"><div class=\"experience-item hanor-item hanor-experience-69e741d1a08c8\">\n                <div class=\"hanor-icon\"><i class=\"fa fa-joomla\"><\/i><\/div>\n                <div class=\"experience-info\"><h4 class=\"experience-title\">Expertise en radio-oncologie<\/h4><p>Notre \u00e9quipe est compos\u00e9e d'experts du secteur poss\u00e9dant une connaissance approfondie de la radio-oncologie. Passionn\u00e9s par ce domaine, nous comprenons parfaitement les besoins sp\u00e9cifiques des radio-oncologues, des radioth\u00e9rapeutes et des physiciens m\u00e9dicaux. Notre expertise nous permet de proposer des solutions sur mesure qui optimisent les r\u00e9sultats des traitements contre le cancer.<\/p><\/div>\n              <\/div><\/div><\/div><\/div><div class=\"wpb_column vc_column_container text-default vc_col-sm-12 vc_col-lg-6 vc_col-md-6 vc_hidden-sm vc_hidden-xs\"><div class=\"vc_column-inner\"><div class=\"wpb_wrapper\"><div class=\"experience-item hanor-item hanor-experience-69e741d1a0b2b\">\n                <div class=\"hanor-icon\"><i class=\"fa fa-user-plus\"><\/i><\/div>\n                <div class=\"experience-info\"><h4 class=\"experience-title\">Approche personnalis\u00e9e centr\u00e9e sur le client<\/h4><p>Conscients des besoins sp\u00e9cifiques de chaque centre de canc\u00e9rologie, nous privil\u00e9gions un accompagnement personnalis\u00e9. \u00c0 l'\u00e9coute des cliniques et des h\u00f4pitaux, nous proposons des solutions sur mesure, parfaitement adapt\u00e9es \u00e0 leurs processus cliniques. Notre engagement \u00e0 \u00eatre r\u00e9actifs et fiables favorise des relations durables et nous pousse \u00e0 aller au-del\u00e0 de leurs attentes pour r\u00e9pondre \u00e0 leurs exigences particuli\u00e8res.<\/p><\/div>\n              <\/div><\/div><\/div><\/div><\/div><div class=\"vc_row-full-width vc_clearfix\"><\/div><div data-vc-full-width=\"true\" data-vc-full-width-init=\"false\" class=\"vc_row wpb_row vc_row-fluid hanor-dhav-dotted vc_custom_1691357689131 vc_row-has-fill\"><div class=\"wpb_column vc_column_container text-default vc_col-sm-12 vc_col-lg-6 vc_hidden-lg vc_col-md-6 vc_hidden-md\"><div class=\"vc_column-inner vc_custom_1691357824763\"><div class=\"wpb_wrapper\"><div class=\"experience-item hanor-item hanor-experience-69e741d1a10ad\">\n                <div class=\"hanor-icon\"><i class=\"fa fa-joomla\"><\/i><\/div>\n                <div class=\"experience-info\"><h4 class=\"experience-title\">Expertise en radio-oncologie<\/h4><p>Notre \u00e9quipe est compos\u00e9e d'experts du secteur poss\u00e9dant une connaissance approfondie de la radio-oncologie. Passionn\u00e9s par ce domaine, nous comprenons parfaitement les besoins sp\u00e9cifiques des radio-oncologues, des radioth\u00e9rapeutes et des physiciens m\u00e9dicaux. Notre expertise nous permet de proposer des solutions sur mesure qui optimisent les r\u00e9sultats des traitements contre le cancer.<\/p><\/div>\n              <\/div><\/div><\/div><\/div><div class=\"wpb_column vc_column_container text-default vc_col-sm-12 vc_col-lg-6 vc_hidden-lg vc_col-md-6 vc_hidden-md\"><div class=\"vc_column-inner vc_custom_1691357833469\"><div class=\"wpb_wrapper\"><div class=\"experience-item hanor-item hanor-experience-69e741d1a1313\">\n                <div class=\"hanor-icon\"><i class=\"fa fa-user-plus\"><\/i><\/div>\n                <div class=\"experience-info\"><h4 class=\"experience-title\">Approche personnalis\u00e9e centr\u00e9e sur le client<\/h4><p>Conscients des besoins sp\u00e9cifiques de chaque centre de canc\u00e9rologie, nous privil\u00e9gions un accompagnement personnalis\u00e9. \u00c0 l'\u00e9coute des cliniques et des h\u00f4pitaux, nous proposons des solutions sur mesure, parfaitement adapt\u00e9es \u00e0 leurs processus cliniques. Notre engagement \u00e0 \u00eatre r\u00e9actifs et fiables favorise des relations durables et nous pousse \u00e0 aller au-del\u00e0 de leurs attentes pour r\u00e9pondre \u00e0 leurs exigences particuli\u00e8res.<\/p><\/div>\n              <\/div><\/div><\/div><\/div><\/div><div class=\"vc_row-full-width vc_clearfix\"><\/div><div data-vc-full-width=\"true\" data-vc-full-width-init=\"false\" class=\"vc_row wpb_row vc_row-fluid hanor-dhav-dotted vc_custom_1545739907630 vc_row-has-fill\"><div class=\"wpb_column vc_column_container text-default vc_col-sm-12 vc_col-lg-6 vc_col-md-6 vc_hidden-sm vc_hidden-xs\"><div class=\"vc_column-inner vc_custom_1691357940482\"><div class=\"wpb_wrapper\"><div class=\"experience-item hanor-item hanor-experience-69e741d1a18bb\">\n                <div class=\"hanor-icon\"><i class=\"fa fa-spinner\"><\/i><\/div>\n                <div class=\"experience-info\"><h4 class=\"experience-title\">Qualit\u00e9 sans compromis<\/h4><p>Nous collaborons avec des fabricants innovants qui partagent la m\u00eame vision : fournir des produits de la plus haute qualit\u00e9 \u00e0 nos clients.<\/p><\/div>\n              <\/div><\/div><\/div><\/div><div class=\"wpb_column vc_column_container text-default vc_col-sm-12 vc_col-lg-6 vc_col-md-6 vc_hidden-sm vc_hidden-xs\"><div class=\"vc_column-inner vc_custom_1691357959611\"><div class=\"wpb_wrapper\"><div class=\"experience-item hanor-item hanor-experience-69e741d1a1b1c\">\n                <div class=\"hanor-icon\"><i class=\"fa fa-signal\"><\/i><\/div>\n                <div class=\"experience-info\"><h4 class=\"experience-title\">Innovation pionni\u00e8re<\/h4><p>L'innovation est au c\u0153ur de notre entreprise. Nous recherchons activement les derni\u00e8res avanc\u00e9es en mati\u00e8re de technologie de radio-oncologie et nous nous effor\u00e7ons d'\u00eatre des pionniers dans l'introduction de solutions de pointe pour nos clients.<\/p><\/div>\n              <\/div><\/div><\/div><\/div><\/div><div class=\"vc_row-full-width vc_clearfix\"><\/div><div data-vc-full-width=\"true\" data-vc-full-width-init=\"false\" class=\"vc_row wpb_row vc_row-fluid hanor-dhav-dotted vc_custom_1545739907630 vc_row-has-fill\"><div class=\"wpb_column vc_column_container text-default vc_col-sm-12 vc_col-lg-6 vc_hidden-lg vc_col-md-6 vc_hidden-md\"><div class=\"vc_column-inner vc_custom_1691358370545\"><div class=\"wpb_wrapper\"><div class=\"experience-item hanor-item hanor-experience-69e741d1a20a9\">\n                <div class=\"hanor-icon\"><i class=\"fa fa-spinner\"><\/i><\/div>\n                <div class=\"experience-info\"><h4 class=\"experience-title\">Qualit\u00e9 sans compromis<\/h4><p>Nous maintenons un engagement ind\u00e9fectible envers la qualit\u00e9 dans tous les aspects de nos op\u00e9rations. De la s\u00e9lection d'\u00e9quipements et d'accessoires de radio-oncologie de pointe \u00e0 la r\u00e9alisation de tests produits rigoureux, nous veillons \u00e0 ce que seuls des articles de la plus haute qualit\u00e9 parviennent \u00e0 nos clients. La qualit\u00e9 est non n\u00e9gociable, car nous comprenons son r\u00f4le essentiel dans les soins aux patients.<\/p><\/div>\n              <\/div><\/div><\/div><\/div><div class=\"wpb_column vc_column_container text-default vc_col-sm-12 vc_col-lg-6 vc_hidden-lg vc_col-md-6 vc_hidden-md\"><div class=\"vc_column-inner vc_custom_1691417350673\"><div class=\"wpb_wrapper\"><div class=\"experience-item hanor-item hanor-experience-69e741d1a22f1\">\n                <div class=\"hanor-icon\"><i class=\"fa fa-signal\"><\/i><\/div>\n                <div class=\"experience-info\"><h4 class=\"experience-title\">Innovation pionni\u00e8re<\/h4><p>L'innovation est au c\u0153ur de notre entreprise. Nous recherchons activement les derni\u00e8res avanc\u00e9es technologiques en radio-oncologie et nous effor\u00e7ons d'\u00eatre des pionniers en introduisant des solutions de pointe dans le paysage m\u00e9dical canadien. En demeurant \u00e0 l'avant-garde, nous permettons \u00e0 nos clients d'offrir les traitements contre le cancer les plus avanc\u00e9s et les plus efficaces qui soient.<\/p><\/div>\n              <\/div><\/div><\/div><\/div><\/div><div class=\"vc_row-full-width vc_clearfix\"><\/div><div data-vc-full-width=\"true\" data-vc-full-width-init=\"false\" class=\"vc_row wpb_row vc_row-fluid hanor-dhav-dotted vc_custom_1691366632733 vc_row-has-fill\"><div class=\"wpb_column vc_column_container text-default vc_col-sm-12 vc_col-lg-12 vc_col-md-12 vc_hidden-sm vc_hidden-xs\"><div class=\"vc_column-inner vc_custom_1764773678329\"><div class=\"wpb_wrapper\"><div class=\"hanor-section-title section-title-one hanor-stitle-69e741d1a28c8-donaldson-marphil-medical-inc cpation-center\"><h2 class=\"section-title\"><b><\/b>Donaldson Marphil Medical Inc.<\/h2><p>Distributeur canadien de premier plan d'\u00e9quipements et d'accessoires de radio-oncologie, fortement implant\u00e9 dans les centres de canc\u00e9rologie, notre client\u00e8le comprend notamment\u00a0: <b><\/b>Oncologues radioth\u00e9rapeutes, radioth\u00e9rapeutes et physiciens m\u00e9dicaux.<\/p>\n<p>Nous participons \u00e0 tous les grands congr\u00e8s au Canada et aux \u00c9tats-Unis, et occasionnellement en Europe, afin de rester au fait des nouvelles technologies en radio-oncologie.<\/p><\/div><\/div><\/div><\/div><\/div><div class=\"vc_row-full-width vc_clearfix\"><\/div><div data-vc-full-width=\"true\" data-vc-full-width-init=\"false\" class=\"vc_row wpb_row vc_row-fluid hanor-dhav-dotted vc_custom_1545976894511 vc_row-has-fill\"><div class=\"wpb_column vc_column_container text-default vc_col-sm-12 vc_col-lg-12 vc_hidden-lg vc_col-md-12 vc_hidden-md\"><div class=\"vc_column-inner vc_custom_1764773714407\"><div class=\"wpb_wrapper\"><div class=\"hanor-section-title section-title-one hanor-stitle-69e741d1a2e9a-donaldson-marphil-medical-inc cpation-center\"><h2 class=\"section-title\"><b><\/b>Donaldson Marphil Medical Inc.<\/h2><p>Distributeur canadien de premier plan d'\u00e9quipements et d'accessoires de radio-oncologie, fortement implant\u00e9 dans les centres de canc\u00e9rologie, notre client\u00e8le comprend notamment\u00a0: <b><\/b>Oncologues radioth\u00e9rapeutes, radioth\u00e9rapeutes et physiciens m\u00e9dicaux.<\/p>\n<p>Nous participons \u00e0 tous les grands congr\u00e8s au Canada et aux \u00c9tats-Unis, et occasionnellement en Europe, afin de rester au fait des nouvelles technologies en radio-oncologie.<\/p><\/div><\/div><\/div><\/div><\/div><div class=\"vc_row-full-width vc_clearfix\"><\/div><div data-vc-full-width=\"true\" data-vc-full-width-init=\"false\" class=\"vc_row wpb_row vc_row-fluid hanor-dhav-dotted vc_custom_1691359517231\"><div class=\"wpb_column vc_column_container text-default vc_col-sm-12 vc_hidden-sm vc_hidden-xs\"><div class=\"vc_column-inner\"><div class=\"wpb_wrapper\"><div class=\"vc_row wpb_row vc_inner vc_row-fluid vc_custom_1691365760117\"><div class=\"wpb_column vc_column_container vc_col-sm-12 vc_hidden-sm vc_hidden-xs\"><div class=\"vc_column-inner\"><div class=\"wpb_wrapper\"><section class=\"hanor-promo hanor-promo-69e741d1a3f4e\">\n                <div class=\"promo-item\">\n                  <div class=\"row\">\n                    <div class=\"col-md-7 hanor-item promo-primary\">\n                      <div class=\"hanor-table-wrap\">\n                        <div class=\"hanor-align-wrap\">\n                          <div class=\"hanor-image\"><img decoding=\"async\" src=\"https:\/\/donaldsonmarphil.com\/wp-content\/uploads\/2025\/10\/WhatsApp-Image-2025-10-17-at-03.15.44_d72b35f9-e1760913700358.jpg\" alt=\"\"><\/div>\n                        <\/div>\n                      <\/div>\n                    <\/div>\n                    <div class=\"col-md-5 hanor-item promo-secondary\">\n                      <div class=\"hanor-table-wrap\">\n                        <div class=\"hanor-align-wrap\">\n                          <div class=\"promo-info\"><h2 class=\"promo-title\">Partenariats<\/h2><p>Nous sommes\u00a0<strong>fiers<\/strong> d\u2019\u00eatre associ\u00e9s aux fabricants r\u00e9put\u00e9s suivants <strong>dans le domaine de la<\/strong>\u00a0<strong>radio-oncologie.<\/strong><\/p>\n<\/div>\n                        <\/div>\n                      <\/div>\n                    <\/div>\n                  <\/div>\n                <\/div>\n              <\/section><\/div><\/div><\/div><\/div><\/div><\/div><\/div><\/div><div class=\"vc_row-full-width vc_clearfix\"><\/div><div class=\"vc_row wpb_row vc_row-fluid hanor-dhav-dotted vc_custom_1691361010804\"><div class=\"wpb_column vc_column_container text-default vc_col-sm-12 vc_hidden-lg vc_hidden-md\"><div class=\"vc_column-inner vc_custom_1691361046295\"><div class=\"wpb_wrapper\"><section class=\"hanor-promo hanor-promo-69e741d1a47d4\">\n                <div class=\"promo-item\">\n                  <div class=\"row\">\n                    <div class=\"col-md-7 hanor-item promo-primary\">\n                      <div class=\"hanor-table-wrap\">\n                        <div class=\"hanor-align-wrap\">\n                          <div class=\"hanor-image\"><img decoding=\"async\" src=\"https:\/\/donaldsonmarphil.com\/wp-content\/uploads\/2025\/10\/WhatsApp-Image-2025-10-17-at-03.15.44_d72b35f9-e1760913700358.jpg\" alt=\"\"><\/div>\n                        <\/div>\n                      <\/div>\n                    <\/div>\n                    <div class=\"col-md-5 hanor-item promo-secondary\">\n                      <div class=\"hanor-table-wrap\">\n                        <div class=\"hanor-align-wrap\">\n                          <div class=\"promo-info\"><\/div>\n                        <\/div>\n                      <\/div>\n                    <\/div>\n                  <\/div>\n                <\/div>\n              <\/section><\/div><\/div><\/div><div class=\"wpb_column vc_column_container text-default vc_col-sm-12 vc_hidden-lg vc_hidden-md\"><div class=\"vc_column-inner\"><div class=\"wpb_wrapper\">\n\t<div class=\"wpb_text_column wpb_content_element\" >\n\t\t<div class=\"wpb_wrapper\">\n\t\t\t<h2>Partenariats<\/h2>\n\n\t\t<\/div>\n\t<\/div>\n\n\t<div class=\"wpb_text_column wpb_content_element\" >\n\t\t<div class=\"wpb_wrapper\">\n\t\t\t<p>Nous sommes\u00a0<strong>fiers<\/strong> d\u2019\u00eatre associ\u00e9s aux fabricants r\u00e9put\u00e9s suivants <strong>dans le domaine de la<\/strong>\u00a0radio-oncologie.<\/p>\n\n\t\t<\/div>\n\t<\/div>\n<\/div><\/div><\/div><\/div>\n<\/section>","protected":false},"excerpt":{"rendered":"Your Partner In Radiation OncologyA Canadian distributor of Radiation Oncology equipment and accessories since 1996.Your Partner In Radiation OncologyA Canadian distributor of Radiation Oncology equipment and accessories since 1996. Expertise in Radiation OncologyOur team consists of industry experts with specialized knowledge in Radiation Oncology. We are passionate about this field and deeply understand the unique...","protected":false},"author":1,"featured_media":0,"parent":0,"menu_order":0,"comment_status":"closed","ping_status":"closed","template":"","meta":{"footnotes":""},"class_list":["post-393","page","type-page","status-publish","hentry"],"_links":{"self":[{"href":"https:\/\/donaldsonmarphil.com\/fr\/wp-json\/wp\/v2\/pages\/393","targetHints":{"allow":["GET"]}}],"collection":[{"href":"https:\/\/donaldsonmarphil.com\/fr\/wp-json\/wp\/v2\/pages"}],"about":[{"href":"https:\/\/donaldsonmarphil.com\/fr\/wp-json\/wp\/v2\/types\/page"}],"author":[{"embeddable":true,"href":"https:\/\/donaldsonmarphil.com\/fr\/wp-json\/wp\/v2\/users\/1"}],"replies":[{"embeddable":true,"href":"https:\/\/donaldsonmarphil.com\/fr\/wp-json\/wp\/v2\/comments?post=393"}],"version-history":[{"count":126,"href":"https:\/\/donaldsonmarphil.com\/fr\/wp-json\/wp\/v2\/pages\/393\/revisions"}],"predecessor-version":[{"id":6862,"href":"https:\/\/donaldsonmarphil.com\/fr\/wp-json\/wp\/v2\/pages\/393\/revisions\/6862"}],"wp:attachment":[{"href":"https:\/\/donaldsonmarphil.com\/fr\/wp-json\/wp\/v2\/media?parent=393"}],"curies":[{"name":"wp","href":"https:\/\/api.w.org\/{rel}","templated":true}]}}