{"id":4248,"date":"2018-12-19T06:22:28","date_gmt":"2018-12-19T11:22:28","guid":{"rendered":"http:\/\/192.168.1.114\/havnor-demo\/creative-agency\/?page_id=4248"},"modified":"2025-05-13T18:21:42","modified_gmt":"2025-05-13T22:21:42","slug":"contact","status":"publish","type":"page","link":"https:\/\/donaldsonmarphil.com\/fr\/contact\/","title":{"rendered":"Contactez-nous"},"content":{"rendered":"<section class=\"wpb-content-wrapper\"><div class=\"vc_row wpb_row vc_row-fluid hanor-dhav-dotted vc_custom_1545390080850\"><div class=\"wpb_column vc_column_container text-default vc_col-sm-12 vc_hidden-sm vc_hidden-xs\"><div class=\"vc_column-inner\"><div class=\"wpb_wrapper\"><div class=\"hanor-section-title section-title-one hanor-stitle-69dfe2a1eb3c9-we-want-to-hear-from-you cpation-center\"><h2 class=\"section-title\">Nous voulons avoir de vos nouvelles !<\/h2><p>Chez Donaldson Marphil Medical, nous tenons \u00e0 \u00eatre disponibles pour r\u00e9pondre \u00e0 vos questions. Nous serons ravis de vous renseigner sur notre gamme de produits.<\/p><\/div><\/div><\/div><\/div><\/div><div class=\"vc_row wpb_row vc_row-fluid hanor-dhav-dotted vc_custom_1545390080850\"><div class=\"wpb_column vc_column_container text-default vc_col-sm-12 vc_hidden-lg vc_hidden-md\"><div class=\"vc_column-inner vc_custom_1691421750640\"><div class=\"wpb_wrapper\"><div class=\"hanor-section-title section-title-one hanor-stitle-69dfe2a1eb98a-we-want-to-hear-from-you cpation-center\"><h2 class=\"section-title\">Nous voulons avoir de vos nouvelles !<\/h2><p>Chez Donaldson Marphil Medical, nous tenons \u00e0 \u00eatre disponibles pour r\u00e9pondre \u00e0 vos questions. Nous serons ravis de vous renseigner sur notre gamme de produits.<\/p><\/div><\/div><\/div><\/div><\/div><div data-vc-full-width=\"true\" data-vc-full-width-init=\"false\" data-vc-stretch-content=\"true\" class=\"vc_row wpb_row vc_row-fluid hanor-dhav-dotted vc_custom_1691626804498\"><div class=\"wpb_column vc_column_container text-default vc_col-sm-3 vc_hidden-sm vc_hidden-xs\"><div class=\"vc_column-inner\"><div class=\"wpb_wrapper\"><div class=\"contact-info-item hanor-item hanor-address-69dfe2a1ec08f\">\n                <div class=\"hanor-icon\"><span class=\"pe-7s-map\"><\/span><\/div>\n                <div class=\"contact-info\">\n                  <h4 class=\"contact-info-title\">Bureau<\/h4>\n                  <p>3, Place du Commerce,<br \/>\nSuite 520<br \/>\nMontr\u00e9al, Qu\u00e9bec<br \/>\nH3E 1H7 Canada<\/p>\n                <\/div>\n              <\/div><\/div><\/div><\/div><div class=\"wpb_column vc_column_container text-default vc_col-sm-3 vc_hidden-sm vc_hidden-xs\"><div class=\"vc_column-inner\"><div class=\"wpb_wrapper\"><div class=\"contact-info-item hanor-item hanor-address-69dfe2a1ec2f9\">\n                <div class=\"hanor-icon\"><span class=\"pe-7s-phone\"><\/span><\/div>\n                <div class=\"contact-info\">\n                  <h4 class=\"contact-info-title\">Appelez-nous<\/h4>\n                  <p><a href=\"Tel: +1 (514) 225 2588\">Bureau : +1 (514) 225 2588<\/a><a href=\"Tel:+1 (888) 933 0383\">Num\u00e9ro sans frais : +1 (888) 933 0383<\/a><\/p>\n                <\/div>\n              <\/div><\/div><\/div><\/div><div class=\"wpb_column vc_column_container text-default vc_col-sm-3 vc_hidden-sm vc_hidden-xs\"><div class=\"vc_column-inner\"><div class=\"wpb_wrapper\"><div class=\"contact-info-item hanor-item hanor-address-69dfe2a1ec54b\">\n                <div class=\"hanor-icon\"><span class=\"pe-7s-mail-open-file\"><\/span><\/div>\n                <div class=\"contact-info\">\n                  <h4 class=\"contact-info-title\">Envoyez-nous un courriel<\/h4>\n                  <p><a href=\"mailto:orders@donaldsonmarphil.com\">orders@donaldsonmarphil.com <\/a><\/p>\n                <\/div>\n              <\/div><\/div><\/div><\/div><div class=\"wpb_column vc_column_container text-default vc_col-sm-3 vc_hidden-sm vc_hidden-xs\"><div class=\"vc_column-inner\"><div class=\"wpb_wrapper\"><div class=\"contact-info-item hanor-item hanor-address-69dfe2a1ec79f\">\n                <div class=\"hanor-icon\"><span class=\"pe-7s-clock\"><\/span><\/div>\n                <div class=\"contact-info\">\n                  <h4 class=\"contact-info-title\">Heures d'ouverture<\/h4>\n                  <p><a href=\"\">Du lundi au vendredi : de 8h30 \u00e0 17h<\/a><a href=\"\"> Samedi et dimanche : Ferm\u00e9<\/a><\/p>\n                <\/div>\n              <\/div><\/div><\/div><\/div><\/div><div class=\"vc_row-full-width vc_clearfix\"><\/div><div data-vc-full-width=\"true\" data-vc-full-width-init=\"false\" data-vc-stretch-content=\"true\" class=\"vc_row wpb_row vc_row-fluid hanor-dhav-dotted vc_custom_1691626804498\"><div class=\"wpb_column vc_column_container text-default vc_col-sm-3 vc_hidden-lg vc_hidden-md\"><div class=\"vc_column-inner\"><div class=\"wpb_wrapper\"><div class=\"contact-info-item hanor-item hanor-address-69dfe2a1ecd46\">\n                <div class=\"hanor-icon\"><span class=\"pe-7s-map\"><\/span><\/div>\n                <div class=\"contact-info\">\n                  <h4 class=\"contact-info-title\">Bureau<\/h4>\n                  <p>3, Place du Commerce,<br \/>\nSuite 520<br \/>\nMontr\u00e9al, Qu\u00e9bec<br \/>\nH3E 1H7 Canada<\/p>\n                <\/div>\n              <\/div><\/div><\/div><\/div><div class=\"wpb_column vc_column_container text-default vc_col-sm-3 vc_hidden-lg vc_hidden-md\"><div class=\"vc_column-inner\"><div class=\"wpb_wrapper\"><div class=\"contact-info-item hanor-item hanor-address-69dfe2a1ecf79\">\n                <div class=\"hanor-icon\"><span class=\"pe-7s-phone\"><\/span><\/div>\n                <div class=\"contact-info\">\n                  <h4 class=\"contact-info-title\">Appelez-nous<\/h4>\n                  <p><a href=\"Tel: +1 (514) 225 2588\">Bureau : +1 (514) 225 2588<\/a><a href=\"Tel:+1 (888) 933 0383\">Num\u00e9ro sans frais : +1 (888) 933 0383<\/a><\/p>\n                <\/div>\n              <\/div><\/div><\/div><\/div><div class=\"wpb_column vc_column_container text-default vc_col-sm-3 vc_hidden-lg vc_hidden-md\"><div class=\"vc_column-inner\"><div class=\"wpb_wrapper\"><div class=\"contact-info-item hanor-item hanor-address-69dfe2a1ed1ba\">\n                <div class=\"hanor-icon\"><span class=\"pe-7s-mail-open-file\"><\/span><\/div>\n                <div class=\"contact-info\">\n                  <h4 class=\"contact-info-title\">Envoyez-nous un courriel<\/h4>\n                  <p><a href=\"mailto:orders@donaldsonmarphil.com\">orders@donaldsonmarphil.com <\/a><\/p>\n                <\/div>\n              <\/div><\/div><\/div><\/div><div class=\"wpb_column vc_column_container text-default vc_col-sm-3 vc_hidden-lg vc_hidden-md\"><div class=\"vc_column-inner\"><div class=\"wpb_wrapper\"><div class=\"contact-info-item hanor-item hanor-address-69dfe2a1ed3f6\">\n                <div class=\"hanor-icon\"><span class=\"pe-7s-clock\"><\/span><\/div>\n                <div class=\"contact-info\">\n                  <h4 class=\"contact-info-title\">Heures d'ouverture<\/h4>\n                  <p><a href=\"\">Du lundi au vendredi : de 8h30 \u00e0 17h<\/a><a href=\"\"> Samedi et dimanche : Ferm\u00e9<\/a><\/p>\n                <\/div>\n              <\/div><\/div><\/div><\/div><\/div><div class=\"vc_row-full-width vc_clearfix\"><\/div><div data-vc-full-width=\"true\" data-vc-full-width-init=\"false\" class=\"vc_row wpb_row vc_row-fluid hanor-dhav-dotted vc_custom_1691448756891 vc_row-o-equal-height vc_row-flex\"><div class=\"wpb_column vc_column_container text-default vc_col-sm-12 vc_hidden-lg vc_hidden-md\"><div class=\"vc_column-inner\"><div class=\"wpb_wrapper\"><div class=\"vc_row wpb_row vc_inner vc_row-fluid\"><div class=\"wpb_column vc_column_container vc_col-sm-12\"><div class=\"vc_column-inner\"><div class=\"wpb_wrapper\">\n\t<div class=\"wpb_text_column wpb_content_element  vc_custom_1691449090095\" >\n\t\t<div class=\"wpb_wrapper\">\n\t\t\t<h1 style=\"text-align: center;\">Contactez-nous<\/h1>\n\n\t\t<\/div>\n\t<\/div>\n\n\t<div class=\"wpb_text_column wpb_content_element\" >\n\t\t<div class=\"wpb_wrapper\">\n\t\t\t<p style=\"text-align: center;\">Si vous avez des questions sur les fonctionnalit\u00e9s du produit, les essais gratuits, les prix ou si vous souhaitez une d\u00e9monstration, notre \u00e9quipe est \u00e0 votre disposition.<\/p>\n\n\t\t<\/div>\n\t<\/div>\n<\/div><\/div><\/div><\/div><\/div><\/div><\/div><\/div><div class=\"vc_row-full-width vc_clearfix\"><\/div><div class=\"vc_row wpb_row vc_row-fluid hanor-dhav-dotted centerform vc_custom_1701408802142\"><div class=\"centerform wpb_column vc_column_container text-default vc_col-sm-12 vc_hidden-lg vc_hidden-md\"><div class=\"vc_column-inner vc_custom_1701408785286\"><div class=\"wpb_wrapper\">\n\t<div class=\"wpb_text_column wpb_content_element\" >\n\t\t<div class=\"wpb_wrapper\">\n\t\t\t\n<div class=\"wpcf7 no-js\" id=\"wpcf7-f5127-o1\" lang=\"en-US\" dir=\"ltr\" data-wpcf7-id=\"5127\">\n<div class=\"screen-reader-response\"><p role=\"status\" aria-live=\"polite\" aria-atomic=\"true\"><\/p> <ul><\/ul><\/div>\n<form action=\"\/fr\/wp-json\/wp\/v2\/pages\/4248#wpcf7-f5127-o1\" method=\"post\" class=\"wpcf7-form init\" aria-label=\"Contact form\" novalidate=\"novalidate\" data-status=\"init\" data-trp-original-action=\"\/fr\/wp-json\/wp\/v2\/pages\/4248#wpcf7-f5127-o1\">\n<fieldset class=\"hidden-fields-container\"><input type=\"hidden\" name=\"_wpcf7\" value=\"5127\" \/><input type=\"hidden\" name=\"_wpcf7_version\" value=\"6.1.3\" \/><input type=\"hidden\" name=\"_wpcf7_locale\" value=\"en_US\" \/><input type=\"hidden\" name=\"_wpcf7_unit_tag\" value=\"wpcf7-f5127-o1\" \/><input type=\"hidden\" name=\"_wpcf7_container_post\" value=\"0\" \/><input type=\"hidden\" name=\"_wpcf7_posted_data_hash\" value=\"\" \/>\n<\/fieldset>\n<div class=\"row\">\n\t<div class=\"col-sm-6\">\n\t\t<p><span class=\"wpcf7-form-control-wrap\" data-name=\"your-name\"><input size=\"40\" maxlength=\"400\" class=\"wpcf7-form-control wpcf7-text wpcf7-validates-as-required\" aria-required=\"true\" aria-invalid=\"false\" placeholder=\"Votre nom\" value=\"\" type=\"text\" name=\"your-name\" \/><\/span>\n\t\t<\/p>\n\t<\/div>\n\t<div class=\"col-sm-6\">\n\t\t<p><span class=\"wpcf7-form-control-wrap\" data-name=\"your-email\"><input size=\"40\" maxlength=\"400\" class=\"wpcf7-form-control wpcf7-email wpcf7-validates-as-required wpcf7-text wpcf7-validates-as-email\" aria-required=\"true\" aria-invalid=\"false\" placeholder=\"Votre courriel\" value=\"\" type=\"email\" name=\"your-email\" \/><\/span>\n\t\t<\/p>\n\t<\/div>\n\t<div class=\"col-sm-6\">\n\t\t<p><span class=\"wpcf7-form-control-wrap\" data-name=\"your-phone\"><input size=\"40\" maxlength=\"400\" class=\"wpcf7-form-control wpcf7-text wpcf7-validates-as-required\" aria-required=\"true\" aria-invalid=\"false\" placeholder=\"Votre num\u00e9ro de t\u00e9l\u00e9phone\" value=\"\" type=\"text\" name=\"your-phone\" \/><\/span>\n\t\t<\/p>\n\t<\/div>\n\t<div class=\"col-sm-6\">\n\t\t<p><span class=\"wpcf7-form-control-wrap\" data-name=\"your-institution\"><input size=\"40\" maxlength=\"400\" class=\"wpcf7-form-control wpcf7-text wpcf7-validates-as-required\" aria-required=\"true\" aria-invalid=\"false\" placeholder=\"Votre \u00e9tablissement\" value=\"\" type=\"text\" name=\"your-institution\" \/><\/span>\n\t\t<\/p>\n\t<\/div>\n\t<div class=\"col-sm-12\">\n\t\t<p><span class=\"wpcf7-form-control-wrap\" data-name=\"your-message\"><textarea cols=\"40\" rows=\"10\" maxlength=\"2000\" class=\"wpcf7-form-control wpcf7-textarea wpcf7-validates-as-required\" aria-required=\"true\" aria-invalid=\"false\" placeholder=\"Votre message\" name=\"your-message\"><\/textarea><\/span>\n\t\t<\/p>\n\t<\/div>\n\t<div id=\"cf7sr-69dfe2a1f1c30\" class=\"cf7sr-g-recaptcha\" data-theme=\"light\" data-type=\"image\" data-size=\"normal\" data-sitekey=\"6Ld6DCIpAAAAAJVhI2OyviX5qdkQVV0jhpAsqBKf\"><\/div><span class=\"wpcf7-form-control-wrap cf7sr-recaptcha\" data-name=\"cf7sr-recaptcha\"><input type=\"hidden\" name=\"cf7sr-recaptcha\" value=\"\" class=\"wpcf7-form-control\"><\/span>\n\t<\/p>\n\t<div class=\"col-sm-12\">\n\t\t<p><input class=\"wpcf7-form-control wpcf7-submit has-spinner\" type=\"submit\" value=\"SOUMETTRE\" \/>\n\t\t<\/p>\n\t<\/div>\n<\/div><div class=\"wpcf7-response-output\" aria-hidden=\"true\"><\/div>\n<input type=\"hidden\" name=\"trp-form-language\" value=\"fr\"\/><\/form>\n<\/div>\n\n\n\t\t<\/div>\n\t<\/div>\n<\/div><\/div><\/div><\/div><div class=\"vc_row wpb_row vc_row-fluid hanor-dhav-dotted\"><div class=\"wpb_column vc_column_container text-default vc_col-sm-12 vc_hidden-sm vc_hidden-xs\"><div class=\"vc_column-inner\"><div class=\"wpb_wrapper\">\n\t<div class=\"wpb_text_column wpb_content_element  vc_custom_1691449090095\" >\n\t\t<div class=\"wpb_wrapper\">\n\t\t\t<h1 style=\"text-align: center;\">Contactez-nous<\/h1>\n\n\t\t<\/div>\n\t<\/div>\n\n\t<div class=\"wpb_text_column wpb_content_element\" >\n\t\t<div class=\"wpb_wrapper\">\n\t\t\t<p style=\"text-align: center;\">Si vous avez des questions sur les fonctionnalit\u00e9s du produit, les essais gratuits, les prix ou si vous souhaitez une d\u00e9monstration, notre \u00e9quipe est \u00e0 votre disposition.<\/p>\n\n\t\t<\/div>\n\t<\/div>\n\n\t<div class=\"wpb_text_column wpb_content_element\" >\n\t\t<div class=\"wpb_wrapper\">\n\t\t\t\n<div class=\"wpcf7 no-js\" id=\"wpcf7-f5127-o2\" lang=\"en-US\" dir=\"ltr\" data-wpcf7-id=\"5127\">\n<div class=\"screen-reader-response\"><p role=\"status\" aria-live=\"polite\" aria-atomic=\"true\"><\/p> <ul><\/ul><\/div>\n<form action=\"\/fr\/wp-json\/wp\/v2\/pages\/4248#wpcf7-f5127-o2\" method=\"post\" class=\"wpcf7-form init\" aria-label=\"Contact form\" novalidate=\"novalidate\" data-status=\"init\" data-trp-original-action=\"\/fr\/wp-json\/wp\/v2\/pages\/4248#wpcf7-f5127-o2\">\n<fieldset class=\"hidden-fields-container\"><input type=\"hidden\" name=\"_wpcf7\" value=\"5127\" \/><input type=\"hidden\" name=\"_wpcf7_version\" value=\"6.1.3\" \/><input type=\"hidden\" name=\"_wpcf7_locale\" value=\"en_US\" \/><input type=\"hidden\" name=\"_wpcf7_unit_tag\" value=\"wpcf7-f5127-o2\" \/><input type=\"hidden\" name=\"_wpcf7_container_post\" value=\"0\" \/><input type=\"hidden\" name=\"_wpcf7_posted_data_hash\" value=\"\" \/>\n<\/fieldset>\n<div class=\"row\">\n\t<div class=\"col-sm-6\">\n\t\t<p><span class=\"wpcf7-form-control-wrap\" data-name=\"your-name\"><input size=\"40\" maxlength=\"400\" class=\"wpcf7-form-control wpcf7-text wpcf7-validates-as-required\" aria-required=\"true\" aria-invalid=\"false\" placeholder=\"Votre nom\" value=\"\" type=\"text\" name=\"your-name\" \/><\/span>\n\t\t<\/p>\n\t<\/div>\n\t<div class=\"col-sm-6\">\n\t\t<p><span class=\"wpcf7-form-control-wrap\" data-name=\"your-email\"><input size=\"40\" maxlength=\"400\" class=\"wpcf7-form-control wpcf7-email wpcf7-validates-as-required wpcf7-text wpcf7-validates-as-email\" aria-required=\"true\" aria-invalid=\"false\" placeholder=\"Votre courriel\" value=\"\" type=\"email\" name=\"your-email\" \/><\/span>\n\t\t<\/p>\n\t<\/div>\n\t<div class=\"col-sm-6\">\n\t\t<p><span class=\"wpcf7-form-control-wrap\" data-name=\"your-phone\"><input size=\"40\" maxlength=\"400\" class=\"wpcf7-form-control wpcf7-text wpcf7-validates-as-required\" aria-required=\"true\" aria-invalid=\"false\" placeholder=\"Votre num\u00e9ro de t\u00e9l\u00e9phone\" value=\"\" type=\"text\" name=\"your-phone\" \/><\/span>\n\t\t<\/p>\n\t<\/div>\n\t<div class=\"col-sm-6\">\n\t\t<p><span class=\"wpcf7-form-control-wrap\" data-name=\"your-institution\"><input size=\"40\" maxlength=\"400\" class=\"wpcf7-form-control wpcf7-text wpcf7-validates-as-required\" aria-required=\"true\" aria-invalid=\"false\" placeholder=\"Votre \u00e9tablissement\" value=\"\" type=\"text\" name=\"your-institution\" \/><\/span>\n\t\t<\/p>\n\t<\/div>\n\t<div class=\"col-sm-12\">\n\t\t<p><span class=\"wpcf7-form-control-wrap\" data-name=\"your-message\"><textarea cols=\"40\" rows=\"10\" maxlength=\"2000\" class=\"wpcf7-form-control wpcf7-textarea wpcf7-validates-as-required\" aria-required=\"true\" aria-invalid=\"false\" placeholder=\"Votre message\" name=\"your-message\"><\/textarea><\/span>\n\t\t<\/p>\n\t<\/div>\n\t<div id=\"cf7sr-69dfe2a2011b1\" class=\"cf7sr-g-recaptcha\" data-theme=\"light\" data-type=\"image\" data-size=\"normal\" data-sitekey=\"6Ld6DCIpAAAAAJVhI2OyviX5qdkQVV0jhpAsqBKf\"><\/div><span class=\"wpcf7-form-control-wrap cf7sr-recaptcha\" data-name=\"cf7sr-recaptcha\"><input type=\"hidden\" name=\"cf7sr-recaptcha\" value=\"\" class=\"wpcf7-form-control\"><\/span>\n\t<\/p>\n\t<div class=\"col-sm-12\">\n\t\t<p><input class=\"wpcf7-form-control wpcf7-submit has-spinner\" type=\"submit\" value=\"SOUMETTRE\" \/>\n\t\t<\/p>\n\t<\/div>\n<\/div><div class=\"wpcf7-response-output\" aria-hidden=\"true\"><\/div>\n<input type=\"hidden\" name=\"trp-form-language\" value=\"fr\"\/><\/form>\n<\/div>\n\n\n\t\t<\/div>\n\t<\/div>\n<\/div><\/div><\/div><\/div>\n<\/section>","protected":false},"excerpt":{"rendered":"We Want To Hear From You!At Donaldson Marphil Medical, we want to make sure that we are available to you when you have a question. We will be glad to inform you on our line of products.We Want To Hear From You!At Donaldson Marphil Medical, we want to make sure that we are available to...","protected":false},"author":2,"featured_media":0,"parent":0,"menu_order":0,"comment_status":"closed","ping_status":"closed","template":"","meta":{"footnotes":""},"class_list":["post-4248","page","type-page","status-publish","hentry"],"_links":{"self":[{"href":"https:\/\/donaldsonmarphil.com\/fr\/wp-json\/wp\/v2\/pages\/4248","targetHints":{"allow":["GET"]}}],"collection":[{"href":"https:\/\/donaldsonmarphil.com\/fr\/wp-json\/wp\/v2\/pages"}],"about":[{"href":"https:\/\/donaldsonmarphil.com\/fr\/wp-json\/wp\/v2\/types\/page"}],"author":[{"embeddable":true,"href":"https:\/\/donaldsonmarphil.com\/fr\/wp-json\/wp\/v2\/users\/2"}],"replies":[{"embeddable":true,"href":"https:\/\/donaldsonmarphil.com\/fr\/wp-json\/wp\/v2\/comments?post=4248"}],"version-history":[{"count":77,"href":"https:\/\/donaldsonmarphil.com\/fr\/wp-json\/wp\/v2\/pages\/4248\/revisions"}],"predecessor-version":[{"id":6781,"href":"https:\/\/donaldsonmarphil.com\/fr\/wp-json\/wp\/v2\/pages\/4248\/revisions\/6781"}],"wp:attachment":[{"href":"https:\/\/donaldsonmarphil.com\/fr\/wp-json\/wp\/v2\/media?parent=4248"}],"curies":[{"name":"wp","href":"https:\/\/api.w.org\/{rel}","templated":true}]}}