{"id":425,"date":"2018-06-30T08:57:29","date_gmt":"2018-06-30T12:57:29","guid":{"rendered":"http:\/\/192.168.1.114\/havnor-demo\/corporate\/?page_id=425"},"modified":"2025-12-05T13:48:28","modified_gmt":"2025-12-05T18:48:28","slug":"about","status":"publish","type":"page","link":"https:\/\/donaldsonmarphil.com\/fr\/about\/","title":{"rendered":"\u00c0 propos de nous"},"content":{"rendered":"<section class=\"wpb-content-wrapper\"><div class=\"vc_row wpb_row vc_row-fluid hanor-dhav-dotted vc_custom_1545740868198\"><div class=\"wpb_column vc_column_container text-default vc_col-sm-12 vc_hidden-sm vc_hidden-xs\"><div class=\"vc_column-inner\"><div class=\"wpb_wrapper\">\n\t<div class=\"wpb_text_column wpb_content_element\" >\n\t\t<div class=\"wpb_wrapper\">\n\t\t\t<p style=\"text-align: center;\">L\u2019industrie du traitement du cancer a r\u00e9alis\u00e9 des progr\u00e8s technologiques remarquables, donnant naissance \u00e0 une gamme toujours plus \u00e9tendue de solutions de pointe. Donaldson Marphil Medical collabore avec des entreprises de ce secteur, \u00e0 la pointe de l\u2019innovation.<\/p>\n\n\t\t<\/div>\n\t<\/div>\n<section class=\"hanor-promo toggle-align hanor-promo-69dfe15040a8d  promo-style-three\">\n                <div class=\"promo-item\">\n                  <div class=\"row\">\n                    <div class=\"col-md-6 hanor-item promo-primary\">\n                      <div class=\"hanor-table-wrap\">\n                        <div class=\"hanor-align-wrap\">\n                          <div class=\"hanor-image\"><img decoding=\"async\" src=\"https:\/\/donaldsonmarphil.com\/wp-content\/uploads\/2023\/08\/Laptop-DM-Background-600x439.png\" alt=\"\"><\/div>\n                        <\/div>\n                      <\/div>\n                    <\/div>\n                    <div class=\"col-md-6 hanor-item promo-secondary\">\n                      <div class=\"hanor-table-wrap\">\n                        <div class=\"hanor-align-wrap\">\n                          <div class=\"promo-info\"><p>Donaldson Marphil Medical est sp\u00e9cialis\u00e9 en radio-oncologie, proposant des \u00e9quipements de traitement du cancer et des fournitures m\u00e9dicales cliniquement \u00e9prouv\u00e9s, provenant de fabricants rigoureusement s\u00e9lectionn\u00e9s.<\/p>\n<p>La r\u00e9putation prestigieuse de Donaldson Marphil Medical refl\u00e8te ses nombreuses ann\u00e9es d\u2019excellence en tant que distributeur fiable aupr\u00e8s d\u2019une client\u00e8le compos\u00e9e d\u2019oncologues radioth\u00e9rapeutes, de radioth\u00e9rapeutes et de physiciens\u00a0m\u00e9dicaux.<\/p>\n<div class=\"hanor-btns-group\"><a href=\"https:\/\/donaldsonmarphil.com\/fr\/?page_id=4248\"  target=\"_blank\" class=\"hanor-btn\"><span class=\"hanor-btn-text\">CONTACTEZ-NOUS<\/span><\/a><\/div><\/div>\n                        <\/div>\n                      <\/div>\n                    <\/div>\n                  <\/div>\n                <\/div>\n              <\/section><\/div><\/div><\/div><\/div><div class=\"vc_row wpb_row vc_row-fluid hanor-dhav-dotted vc_custom_1545740868198\"><div class=\"wpb_column vc_column_container text-default vc_col-sm-12 vc_hidden-lg vc_hidden-md\"><div class=\"vc_column-inner vc_custom_1691418602704\"><div class=\"wpb_wrapper\">\n\t<div class=\"wpb_text_column wpb_content_element\" >\n\t\t<div class=\"wpb_wrapper\">\n\t\t\t<p style=\"text-align: center;\">L'industrie du traitement du cancer a r\u00e9alis\u00e9 des progr\u00e8s technologiques remarquables, donnant naissance \u00e0 une gamme toujours plus \u00e9tendue de solutions de pointe. Donaldson Marphil Medical collabore avec des entreprises de ce secteur.\u00a0<strong>\u00e0 la pointe de l'innovation.<\/strong><\/p>\n\n\t\t<\/div>\n\t<\/div>\n<section class=\"hanor-promo toggle-align hanor-promo-69dfe15041349  promo-style-three\">\n                <div class=\"promo-item\">\n                  <div class=\"row\">\n                    <div class=\"col-md-6 hanor-item promo-primary\">\n                      <div class=\"hanor-table-wrap\">\n                        <div class=\"hanor-align-wrap\">\n                          <div class=\"hanor-image\"><img decoding=\"async\" src=\"https:\/\/donaldsonmarphil.com\/wp-content\/uploads\/2023\/08\/Laptop-DM-Background-600x439.png\" alt=\"\"><\/div>\n                        <\/div>\n                      <\/div>\n                    <\/div>\n                    <div class=\"col-md-6 hanor-item promo-secondary\">\n                      <div class=\"hanor-table-wrap\">\n                        <div class=\"hanor-align-wrap\">\n                          <div class=\"promo-info\"><p>Donaldson Marphil Medical est sp\u00e9cialis\u00e9 dans\u00a0<strong>radio-oncologie<\/strong>, proposant des \u00e9quipements de traitement du cancer et des fournitures m\u00e9dicales cliniquement \u00e9prouv\u00e9s provenant de fabricants s\u00e9lectionn\u00e9s.<\/p>\n<p>La r\u00e9putation prestigieuse de Donaldson Marphil Medical t\u00e9moigne de ses nombreuses ann\u00e9es d'excellence en tant que\u00a0<strong>distributeur fiable<\/strong>\u00a0\u00e0 une client\u00e8le compos\u00e9e d'oncologues radioth\u00e9rapeutes, de radioth\u00e9rapeutes et de physiciens m\u00e9dicaux.<\/p>\n<div class=\"hanor-btns-group\"><a href=\"#0\"  target=\"_blank\" class=\"hanor-btn\"><span class=\"hanor-btn-text\">CONTACTEZ-NOUS<\/span><\/a><\/div><\/div>\n                        <\/div>\n                      <\/div>\n                    <\/div>\n                  <\/div>\n                <\/div>\n              <\/section><\/div><\/div><\/div><\/div><div class=\"vc_row wpb_row vc_row-fluid hanor-dhav-dotted vc_custom_1691418832954\"><div class=\"wpb_column vc_column_container text-default vc_col-sm-12 vc_col-lg-4 vc_col-md-6 vc_hidden-sm vc_hidden-xs\"><div class=\"vc_column-inner vc_custom_1691418861513\"><div class=\"wpb_wrapper\"><div class=\"hanor-services services-style-three hanor-service-69dfe15041904     hide-border\"><div class=\"service-item hanor-item\"><div class=\"hanor-icon\"><span class=\"pe-7s-compass\"><\/span><\/div><div class=\"service-info\"><h4 class=\"service-title\"><a href=\"#0\" target=\"_self\">Qui sommes-nous ?<\/a><\/h4><p>En favorisant le progr\u00e8s par la collaboration, Donaldson Marphil commercialise les derni\u00e8res innovations en radioth\u00e9rapie.<\/p>\n<\/div><\/div><\/div><\/div><\/div><\/div><div class=\"wpb_column vc_column_container text-default vc_col-sm-12 vc_col-lg-4 vc_col-md-6 vc_hidden-sm vc_hidden-xs\"><div class=\"vc_column-inner vc_custom_1691418868177\"><div class=\"wpb_wrapper\"><div class=\"hanor-services services-style-three hanor-service-69dfe15041aed     hide-border\"><div class=\"service-item hanor-item\"><div class=\"hanor-icon\"><span class=\"pe-7s-power\"><\/span><\/div><div class=\"service-info\"><h4 class=\"service-title\"><a href=\"#0\" target=\"_self\">Ce que nous faisons<\/a><\/h4><p>Fournir aux \u00e9tablissements de radio-oncologie des solutions innovantes associ\u00e9es aux technologies les plus r\u00e9centes.<\/p>\n<\/div><\/div><\/div><\/div><\/div><\/div><div class=\"wpb_column vc_column_container text-default vc_col-sm-12 vc_col-lg-4 vc_col-md-6 vc_hidden-sm vc_hidden-xs\"><div class=\"vc_column-inner vc_custom_1691418924850\"><div class=\"wpb_wrapper\"><div class=\"hanor-services services-style-three hanor-service-69dfe15041ca0     hide-border\"><div class=\"service-item hanor-item\"><div class=\"hanor-icon\"><span class=\"pe-7s-help1\"><\/span><\/div><div class=\"service-info\"><h4 class=\"service-title\"><a href=\"#0\" target=\"_self\">Comment nous proc\u00e9dons<\/a><\/h4><p>L'excellence au service des professionnels de l'oncologie : des fournisseurs de confiance.<\/p>\n<\/div><\/div><\/div><\/div><\/div><\/div><\/div><div class=\"vc_row wpb_row vc_row-fluid hanor-dhav-dotted vc_custom_1545740960806\"><div class=\"wpb_column vc_column_container text-default vc_col-sm-12 vc_col-lg-4 vc_hidden-lg vc_col-md-6 vc_hidden-md\"><div class=\"vc_column-inner vc_custom_1691418448847\"><div class=\"wpb_wrapper\"><div class=\"hanor-services services-style-three hanor-service-69dfe1504207c     hide-border\"><div class=\"service-item hanor-item\"><div class=\"hanor-icon\"><span class=\"pe-7s-compass\"><\/span><\/div><div class=\"service-info\"><h4 class=\"service-title\"><a href=\"#0\" target=\"_self\">Qui sommes-nous ?<\/a><\/h4><p>En favorisant le progr\u00e8s par la collaboration, Donaldson Marphil commercialise les derni\u00e8res innovations en radioth\u00e9rapie.<\/p>\n<\/div><\/div><\/div><\/div><\/div><\/div><div class=\"wpb_column vc_column_container text-default vc_col-sm-12 vc_col-lg-4 vc_hidden-lg vc_col-md-6 vc_hidden-md\"><div class=\"vc_column-inner vc_custom_1691418466489\"><div class=\"wpb_wrapper\"><div class=\"hanor-services services-style-three hanor-service-69dfe15042225     hide-border\"><div class=\"service-item hanor-item\"><div class=\"hanor-icon\"><span class=\"pe-7s-power\"><\/span><\/div><div class=\"service-info\"><h4 class=\"service-title\"><a href=\"#0\" target=\"_self\">Ce que nous faisons<\/a><\/h4><p>Fournir aux \u00e9tablissements de radio-oncologie des solutions innovantes associ\u00e9es aux technologies les plus r\u00e9centes.<\/p>\n<\/div><\/div><\/div><\/div><\/div><\/div><div class=\"wpb_column vc_column_container text-default vc_col-sm-12 vc_col-lg-4 vc_hidden-lg vc_col-md-6 vc_hidden-md\"><div class=\"vc_column-inner vc_custom_1691418483514\"><div class=\"wpb_wrapper\"><div class=\"hanor-services services-style-three hanor-service-69dfe150423d8     hide-border\"><div class=\"service-item hanor-item\"><div class=\"hanor-icon\"><span class=\"pe-7s-help1\"><\/span><\/div><div class=\"service-info\"><h4 class=\"service-title\"><a href=\"#0\" target=\"_self\">Comment nous proc\u00e9dons<\/a><\/h4><p>L'excellence au service des professionnels de l'oncologie : des fournisseurs de confiance.<\/p>\n<\/div><\/div><\/div><\/div><\/div><\/div><\/div><div data-vc-full-width=\"true\" data-vc-full-width-init=\"false\" class=\"vc_row wpb_row vc_row-fluid hanor-dhav-dotted vc_custom_1691418683993 vc_row-has-fill\"><div class=\"wpb_column vc_column_container text-default vc_col-sm-12 vc_hidden-sm vc_hidden-xs\"><div class=\"vc_column-inner vc_custom_1691418968074\"><div class=\"wpb_wrapper\"><div class=\"hanor-section-title section-title-one hanor-stitle-69dfe15042842-were-here-to-help-you cpation-center\"><h2 class=\"section-title\">Nous sommes l\u00e0 pour vous aider<\/h2><p>Chez Donaldson Marphil Medical, nous mettons tout en \u0153uvre pour vous satisfaire \u00e0 chaque \u00e9tape. Notre \u00e9quipe est \u00e0 votre disposition pour r\u00e9pondre \u00e0 toutes vos questions, pr\u00e9occupations et besoins.<\/p><\/div><div class=\"hanor-btns-group  hanor-btn-69dfe15042985 cpation-center\"><a href=\"https:\/\/donaldsonmarphil.com\/fr\/?page_id=4248\" class=\"hanor-btn\"><span class=\"hanor-btn-text\">Contactez-nous<\/span><\/a><\/div><\/div><\/div><\/div><\/div><div class=\"vc_row-full-width vc_clearfix\"><\/div><div data-vc-full-width=\"true\" data-vc-full-width-init=\"false\" class=\"vc_row wpb_row vc_row-fluid hanor-dhav-dotted vc_custom_1691167447045 vc_row-has-fill\"><div class=\"wpb_column vc_column_container text-default vc_col-sm-12 vc_hidden-lg vc_hidden-md\"><div class=\"vc_column-inner vc_custom_1691418566545\"><div class=\"wpb_wrapper\"><div class=\"hanor-section-title section-title-one hanor-stitle-69dfe15042d3f-were-here-to-help-you cpation-center\"><h2 class=\"section-title\">Nous sommes l\u00e0 pour vous aider<\/h2><p>Nous vous aidons \u00e0 transformer le possible en r\u00e9alisable. Cette approche vise \u00e0 identifier et \u00e0 d\u00e9ployer la meilleure solution possible, d\u00e9finie par la plus grande valeur ajout\u00e9e pour le client et le soutien de ses objectifs organisationnels.<\/p><\/div><div class=\"hanor-btns-group  hanor-btn-69dfe15042dc0 cpation-center\"><a href=\"#0\" class=\"hanor-btn\"><span class=\"hanor-btn-text\">Contactez-nous<\/span><\/a><\/div><\/div><\/div><\/div><\/div><div class=\"vc_row-full-width vc_clearfix\"><\/div>\n<\/section>","protected":false},"excerpt":{"rendered":"The cancer treatment industry has progressively achieved remarkable technological advancement resulting in an ever-expanding array of leading edge solutions, and Donaldson Marphil Medical partners with companies at the\u00a0forefront of innovation. Donaldson Marphil Medical specializes in\u00a0Radiation Oncology, offering clinically-proven cancer treatment equipment and medical supplies from select manufacturers. The distinguished reputation of Donaldson Marphil Medical is...","protected":false},"author":1,"featured_media":0,"parent":0,"menu_order":0,"comment_status":"closed","ping_status":"closed","template":"","meta":{"footnotes":""},"class_list":["post-425","page","type-page","status-publish","hentry"],"_links":{"self":[{"href":"https:\/\/donaldsonmarphil.com\/fr\/wp-json\/wp\/v2\/pages\/425","targetHints":{"allow":["GET"]}}],"collection":[{"href":"https:\/\/donaldsonmarphil.com\/fr\/wp-json\/wp\/v2\/pages"}],"about":[{"href":"https:\/\/donaldsonmarphil.com\/fr\/wp-json\/wp\/v2\/types\/page"}],"author":[{"embeddable":true,"href":"https:\/\/donaldsonmarphil.com\/fr\/wp-json\/wp\/v2\/users\/1"}],"replies":[{"embeddable":true,"href":"https:\/\/donaldsonmarphil.com\/fr\/wp-json\/wp\/v2\/comments?post=425"}],"version-history":[{"count":57,"href":"https:\/\/donaldsonmarphil.com\/fr\/wp-json\/wp\/v2\/pages\/425\/revisions"}],"predecessor-version":[{"id":6859,"href":"https:\/\/donaldsonmarphil.com\/fr\/wp-json\/wp\/v2\/pages\/425\/revisions\/6859"}],"wp:attachment":[{"href":"https:\/\/donaldsonmarphil.com\/fr\/wp-json\/wp\/v2\/media?parent=425"}],"curies":[{"name":"wp","href":"https:\/\/api.w.org\/{rel}","templated":true}]}}