{"id":6844,"date":"2025-11-29T21:59:05","date_gmt":"2025-11-30T02:59:05","guid":{"rendered":"https:\/\/donaldsonmarphil.com\/?page_id=6844"},"modified":"2025-12-19T00:08:36","modified_gmt":"2025-12-19T05:08:36","slug":"seeds-2","status":"publish","type":"page","link":"https:\/\/donaldsonmarphil.com\/fr\/seeds-2\/","title":{"rendered":"Grains"},"content":{"rendered":"<section class=\"wpb-content-wrapper\"><div class=\"vc_row wpb_row vc_row-fluid hanor-dhav-dotted\"><div class=\"wpb_column vc_column_container text-default vc_col-sm-12\"><div class=\"vc_column-inner\"><div class=\"wpb_wrapper\"><div class=\"hanor-section-title section-title-one hanor-stitle-69e43fef3718a-brachytherapy-seeds cpation-center\"><h2 class=\"section-title\">Grains de Curieth\u00e9rapie<\/h2><\/div>\n\t<div class=\"wpb_text_column wpb_content_element\" >\n\t\t<div class=\"wpb_wrapper\">\n\t\t\t<p>Notre entreprise fournit des grains radioactifs de curieth\u00e9rapie de haute qualit\u00e9, utilis\u00e9s dans le traitement des tumeurs localis\u00e9es, notamment le cancer de la prostate, les tumeurs intraoculaires et d'autres tumeurs radiosensibles. Ces grains sont con\u00e7us pour \u00eatre implant\u00e9s directement dans ou \u00e0 proximit\u00e9 de la tumeur, d\u00e9livrant ainsi une dose pr\u00e9cise de rayonnement \u00e0 la zone affect\u00e9e.<\/p>\n<p>Voici quelques exemples de produits de cette cat\u00e9gorie\u00a0:<\/p>\n<ul>\n<li><strong>Grains de curieth\u00e9rapie AgX100\u00ae \u00e0 l'iode-125<\/strong><\/li>\n<li><strong>Grains de curieth\u00e9rapie au c\u00e9sium-131<\/strong><\/li>\n<li><strong>Grains de curieth\u00e9rapie TheraSeed\u00ae Palladium-103<\/strong><\/li>\n<\/ul>\n<p>Pour obtenir des informations plus d\u00e9taill\u00e9es sur les produits, vous pouvez consulter la page Theragenics\u00a0:<br \/>\n<strong>Site web:<\/strong> <strong>www.theragenics.com\/product-category\/brachytherapy\/brachytherapy-seeds\/<\/strong><\/p>\n<p>&nbsp;<\/p>\n\n\t\t<\/div>\n\t<\/div>\n<\/div><\/div><\/div><\/div>\n<\/section>","protected":false},"excerpt":{"rendered":"Brachytherapy Seeds Our company provides high-quality brachytherapy seeds used in the treatment of localized tumors, including prostate cancer, intraocular malignancies, and other radiosensitive tumors. These seeds are designed to be implanted directly into or near the tumor, delivering a precise dose of radiation to the affected area. Some of the products in this category include:...","protected":false},"author":2,"featured_media":0,"parent":0,"menu_order":0,"comment_status":"closed","ping_status":"closed","template":"","meta":{"footnotes":""},"class_list":["post-6844","page","type-page","status-publish","hentry"],"_links":{"self":[{"href":"https:\/\/donaldsonmarphil.com\/fr\/wp-json\/wp\/v2\/pages\/6844","targetHints":{"allow":["GET"]}}],"collection":[{"href":"https:\/\/donaldsonmarphil.com\/fr\/wp-json\/wp\/v2\/pages"}],"about":[{"href":"https:\/\/donaldsonmarphil.com\/fr\/wp-json\/wp\/v2\/types\/page"}],"author":[{"embeddable":true,"href":"https:\/\/donaldsonmarphil.com\/fr\/wp-json\/wp\/v2\/users\/2"}],"replies":[{"embeddable":true,"href":"https:\/\/donaldsonmarphil.com\/fr\/wp-json\/wp\/v2\/comments?post=6844"}],"version-history":[{"count":3,"href":"https:\/\/donaldsonmarphil.com\/fr\/wp-json\/wp\/v2\/pages\/6844\/revisions"}],"predecessor-version":[{"id":6875,"href":"https:\/\/donaldsonmarphil.com\/fr\/wp-json\/wp\/v2\/pages\/6844\/revisions\/6875"}],"wp:attachment":[{"href":"https:\/\/donaldsonmarphil.com\/fr\/wp-json\/wp\/v2\/media?parent=6844"}],"curies":[{"name":"wp","href":"https:\/\/api.w.org\/{rel}","templated":true}]}}