{"id":6849,"date":"2025-11-30T21:02:29","date_gmt":"2025-12-01T02:02:29","guid":{"rendered":"https:\/\/donaldsonmarphil.com\/?page_id=6849"},"modified":"2025-12-19T00:08:14","modified_gmt":"2025-12-19T05:08:14","slug":"c-rad","status":"publish","type":"page","link":"https:\/\/donaldsonmarphil.com\/fr\/c-rad\/","title":{"rendered":"C-RAD"},"content":{"rendered":"<section class=\"wpb-content-wrapper\"><div class=\"vc_row wpb_row vc_row-fluid hanor-dhav-dotted\"><div class=\"wpb_column vc_column_container text-default vc_col-sm-12\"><div class=\"vc_column-inner\"><div class=\"wpb_wrapper\"><div class=\"hanor-section-title section-title-one hanor-stitle-69e426ae9ffca-c-rad cpation-center\"><h2 class=\"section-title\">C-RAD<\/h2><\/div>\n\t<div class=\"wpb_text_column wpb_content_element\" >\n\t\t<div class=\"wpb_wrapper\">\n\t\t\t<p>C-RAD est un leader mondial dans les technologies de positionnement des patients et de gestion des mouvements en radio-oncologie. Leurs solutions SGRT (Surface Guided Radiation Therapy) permettent d\u2019assurer une administration pr\u00e9cise du traitement tout en am\u00e9liorant la s\u00e9curit\u00e9 et le confort des patients.<\/p>\n<p>Les syst\u00e8mes SGRT de C-RAD, tels que le Catalyst\u207a HD, offrent un suivi en temps r\u00e9el de la surface corporelle du patient avant et pendant le traitement par radioth\u00e9rapie. Cela permet de v\u00e9rifier le positionnement, de surveiller les mouvements et de pr\u00e9venir toute exposition involontaire aux radiations. La technologie soutient un flux de travail enti\u00e8rement automatis\u00e9, de la simulation CT jusqu\u2019\u00e0 l\u2019administration du traitement.<\/p>\n<h5><strong>Principaux avantages du C-RAD SGRT<\/strong><\/h5>\n<ul>\n<li><strong>Suivi des patients en temps r\u00e9el<\/strong> tout au long du traitement<\/li>\n<li><strong>Tatouages \u200b\u200bnon requis<\/strong>, am\u00e9liorant le confort du patient<\/li>\n<li><strong>D\u00e9tection imm\u00e9diate des changements de posture ou de mouvement<\/strong><\/li>\n<li><strong>Int\u00e9gration automatis\u00e9e des flux de travail<\/strong> avec les syst\u00e8mes LINAC et de protonth\u00e9rapie<\/li>\n<li><strong>S\u00e9curit\u00e9 renforc\u00e9e<\/strong> par la surveillance des mouvements et le d\u00e9clenchement du maintien du faisceau<\/li>\n<\/ul>\n<p>Pour plus d'informations, vous pouvez consulter la page C-RAD SGRT ici (texte uniquement, non cliquable)\u00a0:<br \/>\n<strong>Website: www.c-rad.com\/clinical-usage\/sigrt\/<\/strong><\/p>\n\n\t\t<\/div>\n\t<\/div>\n<\/div><\/div><\/div><\/div>\n<\/section>","protected":false},"excerpt":{"rendered":"C-RAD C-RAD is a global leader in patient positioning and motion management technologies used in radiation oncology. Their SGRT (Surface Guided Radiation Therapy) solutions help ensure accurate treatment delivery while improving patient safety and comfort. C-RAD\u2019s SGRT systems, such as Catalyst\u207a HD, provide real-time tracking of the patient\u2019s body surface before and during radiation treatment....","protected":false},"author":2,"featured_media":0,"parent":0,"menu_order":0,"comment_status":"closed","ping_status":"closed","template":"","meta":{"footnotes":""},"class_list":["post-6849","page","type-page","status-publish","hentry"],"_links":{"self":[{"href":"https:\/\/donaldsonmarphil.com\/fr\/wp-json\/wp\/v2\/pages\/6849","targetHints":{"allow":["GET"]}}],"collection":[{"href":"https:\/\/donaldsonmarphil.com\/fr\/wp-json\/wp\/v2\/pages"}],"about":[{"href":"https:\/\/donaldsonmarphil.com\/fr\/wp-json\/wp\/v2\/types\/page"}],"author":[{"embeddable":true,"href":"https:\/\/donaldsonmarphil.com\/fr\/wp-json\/wp\/v2\/users\/2"}],"replies":[{"embeddable":true,"href":"https:\/\/donaldsonmarphil.com\/fr\/wp-json\/wp\/v2\/comments?post=6849"}],"version-history":[{"count":3,"href":"https:\/\/donaldsonmarphil.com\/fr\/wp-json\/wp\/v2\/pages\/6849\/revisions"}],"predecessor-version":[{"id":6874,"href":"https:\/\/donaldsonmarphil.com\/fr\/wp-json\/wp\/v2\/pages\/6849\/revisions\/6874"}],"wp:attachment":[{"href":"https:\/\/donaldsonmarphil.com\/fr\/wp-json\/wp\/v2\/media?parent=6849"}],"curies":[{"name":"wp","href":"https:\/\/api.w.org\/{rel}","templated":true}]}}