{"id":6850,"date":"2025-11-30T21:05:47","date_gmt":"2025-12-01T02:05:47","guid":{"rendered":"https:\/\/donaldsonmarphil.com\/?page_id=6850"},"modified":"2025-12-19T00:05:06","modified_gmt":"2025-12-19T05:05:06","slug":"accucontour","status":"publish","type":"page","link":"https:\/\/donaldsonmarphil.com\/fr\/accucontour\/","title":{"rendered":"AccuContour"},"content":{"rendered":"<section class=\"wpb-content-wrapper\"><div class=\"vc_row wpb_row vc_row-fluid hanor-dhav-dotted\"><div class=\"wpb_column vc_column_container text-default vc_col-sm-12\"><div class=\"vc_column-inner\"><div class=\"wpb_wrapper\"><div class=\"hanor-section-title section-title-one hanor-stitle-69e4250a30abe-manteia-accucontour cpation-center\"><h2 class=\"section-title\">Manteia AccuContour<\/h2><\/div>\n\t<div class=\"wpb_text_column wpb_content_element\" >\n\t\t<div class=\"wpb_wrapper\">\n\t\t\t<p>AccuContour est une solution avanc\u00e9e de contourage automatique bas\u00e9e sur l\u2019IA,\ncon\u00e7ue pour aider les \u00e9quipes de radio-oncologie \u00e0 am\u00e9liorer la pr\u00e9cision et\nl\u2019efficacit\u00e9 de la planification des traitements. Elle permet le contourage\nautomatis\u00e9 des organes \u00e0 risque (OAR), des ganglions lymphatiques et des cibles\ntumorales, offrant ainsi un gain de temps consid\u00e9rable tout en maintenant un haut\nniveau de pr\u00e9cision.<\/p>\n<p>AccuContour int\u00e8gre des outils avanc\u00e9s d\u2019imagerie, d\u2019enregistrement et d\u2019analyse\nde dose pour optimiser les flux de travail de planification \u00e0 travers plusieurs\nmodalit\u00e9s : tomodensitom\u00e9trie (TDM), imagerie par r\u00e9sonance magn\u00e9tique (IRM),\ntomographie par \u00e9mission de positons coupl\u00e9e \u00e0 la TDM (TEP-TDM) et imagerie\n4D.<\/p>\n<h5><strong>Principales caract\u00e9ristiques d'AccuContour<\/strong><\/h5>\n<ul>\n<li><strong>Contour automatique par IA<\/strong><br \/>\nAutomatise le contourage des OAR et des cibles tumorales, avec prise en charge\nde mod\u00e8les personnalis\u00e9s.<\/li>\n<li><strong>Fusion et enregistrement<\/strong><br \/>\nAlignement pr\u00e9cis des images CT, IRM, TEP-CT et autres ensembles d\u2019imagerie\ngr\u00e2ce \u00e0 un recalage rigide ou d\u00e9formable<\/li>\n<li><strong>Revue de plan<\/strong><br \/>\n\u00c9valuation ind\u00e9pendante des plans 3D, IMRT, VMAT et TomoTherapy, avec\nv\u00e9rification des contraintes de dose.<\/li>\n<li><strong>Accumulation de dose<\/strong><br \/>\nPermet de suivre et d\u2019analyser la distribution des doses au fil des traitements, y\ncompris via des calculs biologiques.<\/li>\n<\/ul>\n<h5><strong>B\u00e9n\u00e9fices cliniques<\/strong><\/h5>\n<ul>\n<li><strong>Am\u00e9lioration de l\u2019efficacit\u00e9 jusqu\u2019\u00e0 90 % gr\u00e2ce \u00e0 l\u2019automatisation<\/strong><\/li>\n<li><strong>Performances valid\u00e9es dans plus de 1 200 centres cliniques \u00e0 travers le\nmonde<\/strong><\/li>\n<li><strong>Flux de travail ultra-rapides :<\/strong>\n<ul>\n<li>Contourage automatique en <strong>1 minute<\/strong><\/li>\n<li>Recalage d\u00e9formable en <strong>15 secondes<\/strong><\/li>\n<\/ul>\n<\/li>\n<li>Compatible avec tous les profils de patients et int\u00e9grable \u00e0 tous les syst\u00e8mes\nde radioth\u00e9rapie<\/li>\n<\/ul>\n<p>Pour plus d\u2019informations, vous pouvez consulter la page AccuContour ici (texte\nuniquement, non cliquable) :<br \/>\n<strong>Website: www.manteiamedical.com\/accucontour<\/strong><\/p>\n\n\t\t<\/div>\n\t<\/div>\n<\/div><\/div><\/div><\/div>\n<\/section>","protected":false},"excerpt":{"rendered":"Manteia AccuContour AccuContour is an advanced AI-driven auto-contouring solution designed to support radiation oncology teams in improving accuracy and efficiency during treatment planning. It provides automated contouring for organs-at-risk (OARs), lymph nodes, and tumor targets, helping clinicians save significant time while maintaining high precision. AccuContour integrates advanced imaging, registration, and dose analysis features to streamline...","protected":false},"author":2,"featured_media":0,"parent":0,"menu_order":0,"comment_status":"closed","ping_status":"closed","template":"","meta":{"footnotes":""},"class_list":["post-6850","page","type-page","status-publish","hentry"],"_links":{"self":[{"href":"https:\/\/donaldsonmarphil.com\/fr\/wp-json\/wp\/v2\/pages\/6850","targetHints":{"allow":["GET"]}}],"collection":[{"href":"https:\/\/donaldsonmarphil.com\/fr\/wp-json\/wp\/v2\/pages"}],"about":[{"href":"https:\/\/donaldsonmarphil.com\/fr\/wp-json\/wp\/v2\/types\/page"}],"author":[{"embeddable":true,"href":"https:\/\/donaldsonmarphil.com\/fr\/wp-json\/wp\/v2\/users\/2"}],"replies":[{"embeddable":true,"href":"https:\/\/donaldsonmarphil.com\/fr\/wp-json\/wp\/v2\/comments?post=6850"}],"version-history":[{"count":4,"href":"https:\/\/donaldsonmarphil.com\/fr\/wp-json\/wp\/v2\/pages\/6850\/revisions"}],"predecessor-version":[{"id":6873,"href":"https:\/\/donaldsonmarphil.com\/fr\/wp-json\/wp\/v2\/pages\/6850\/revisions\/6873"}],"wp:attachment":[{"href":"https:\/\/donaldsonmarphil.com\/fr\/wp-json\/wp\/v2\/media?parent=6850"}],"curies":[{"name":"wp","href":"https:\/\/api.w.org\/{rel}","templated":true}]}}